{"id":1068,"date":"2025-04-03T19:06:13","date_gmt":"2025-04-03T19:06:13","guid":{"rendered":"https:\/\/reforestpanama.com\/?page_id=1068"},"modified":"2025-06-30T19:53:29","modified_gmt":"2025-06-30T19:53:29","slug":"about-us","status":"publish","type":"page","link":"https:\/\/reforestpanama.com\/es\/about-us\/","title":{"rendered":"Sobre Nosotros"},"content":{"rendered":"<div data-elementor-type=\"wp-page\" data-elementor-id=\"1068\" class=\"elementor elementor-1068\" data-elementor-post-type=\"page\">\n\t\t\t\t<div class=\"elementor-element elementor-element-bed9d37 e-con-full e-flex e-con e-parent\" data-id=\"bed9d37\" data-element_type=\"container\" data-e-type=\"container\" data-settings=\"{&quot;background_background&quot;:&quot;classic&quot;,&quot;background_motion_fx_motion_fx_mouse&quot;:&quot;yes&quot;}\">\n\t\t<div class=\"elementor-element elementor-element-2a43437 e-con-full e-flex e-con e-child\" data-id=\"2a43437\" data-element_type=\"container\" data-e-type=\"container\" data-settings=\"{&quot;background_background&quot;:&quot;classic&quot;}\">\n\t\t\t\t<\/div>\n\t\t<div class=\"elementor-element elementor-element-8390b04 e-con-full curvBox e-flex e-con e-child\" data-id=\"8390b04\" data-element_type=\"container\" data-e-type=\"container\" data-settings=\"{&quot;background_background&quot;:&quot;classic&quot;,&quot;position&quot;:&quot;absolute&quot;}\">\n\t\t\t\t<div class=\"elementor-element elementor-element-3065ba2 elementor-widget elementor-widget-spacer\" data-id=\"3065ba2\" data-element_type=\"widget\" data-e-type=\"widget\" data-widget_type=\"spacer.default\">\n\t\t\t\t\t\t\t<div class=\"elementor-spacer\">\n\t\t\t<div class=\"elementor-spacer-inner\"><\/div>\n\t\t<\/div>\n\t\t\t\t\t\t<\/div>\n\t\t\t\t<\/div>\n\t\t\t\t<\/div>\n\t\t<div class=\"elementor-element elementor-element-1f76703 e-flex e-con-boxed e-con e-parent\" data-id=\"1f76703\" data-element_type=\"container\" data-e-type=\"container\" data-settings=\"{&quot;background_background&quot;:&quot;classic&quot;}\">\n\t\t\t\t\t<div class=\"e-con-inner\">\n\t\t\t\t\t<\/div>\n\t\t\t\t<\/div>\n\t\t<div class=\"elementor-element elementor-element-d58599a e-flex e-con-boxed e-con e-parent\" data-id=\"d58599a\" data-element_type=\"container\" data-e-type=\"container\" data-settings=\"{&quot;background_background&quot;:&quot;classic&quot;}\">\n\t\t\t\t\t<div class=\"e-con-inner\">\n\t\t<div class=\"elementor-element elementor-element-fd4296d e-con-full e-flex e-con e-child\" data-id=\"fd4296d\" data-element_type=\"container\" data-e-type=\"container\">\n\t\t\t\t<\/div>\n\t\t<div class=\"elementor-element elementor-element-3c4453e e-con-full e-flex e-con e-child\" data-id=\"3c4453e\" data-element_type=\"container\" data-e-type=\"container\" data-settings=\"{&quot;background_background&quot;:&quot;classic&quot;}\">\n\t\t<div class=\"elementor-element elementor-element-7684fa6 e-con-full e-flex e-con e-child\" data-id=\"7684fa6\" data-element_type=\"container\" data-e-type=\"container\">\n\t\t<div class=\"elementor-element elementor-element-23ba7ad e-con-full e-flex e-con e-child\" data-id=\"23ba7ad\" data-element_type=\"container\" data-e-type=\"container\">\n\t\t\t\t<div class=\"elementor-element elementor-element-c0c21e3 elementor-widget elementor-widget-heading\" data-id=\"c0c21e3\" data-element_type=\"widget\" data-e-type=\"widget\" data-widget_type=\"heading.default\">\n\t\t\t\t\t<h2 class=\"elementor-heading-title elementor-size-default\">Reforest Panam\u00e1 tiene sus ra\u00edces profundas en el suelo paname\u00f1o.<\/h2>\t\t\t\t<\/div>\n\t\t\t\t<div class=\"elementor-element elementor-element-f825031 mp-para elementor-widget elementor-widget-text-editor\" data-id=\"f825031\" data-element_type=\"widget\" data-e-type=\"widget\" data-widget_type=\"text-editor.default\">\n\t\t\t\t\t\t\t\t\t<p><span style=\"font-weight: 400;\">Durante los \u00faltimos 15 a\u00f1os, hemos participado en diversos proyectos, incluyendo reforestaci\u00f3n comercial, proyectos de protecci\u00f3n y restauraci\u00f3n enfocados en el clima, as\u00ed como el establecimiento y la gesti\u00f3n de plantaciones frutales. Tambi\u00e9n hemos participado activamente en actividades asociativas y hemos establecido contactos con las autoridades gubernamentales, ministerios y otros organismos pertinentes.<\/span><\/p><p><span style=\"font-weight: 400;\">Nuestra experiencia abarca desde la realizaci\u00f3n de estudios de viabilidad y evaluaci\u00f3n de terrenos hasta la gesti\u00f3n integral de todos los aspectos t\u00e9cnicos, ambientales, legales y regulatorios de terrenos y activos forestales. Para m\u00e1s informaci\u00f3n, consulte nuestra...\u00a0 <em>&quot;Servicios&quot;<\/em> secci\u00f3n.<\/span><\/p><p><span style=\"font-weight: 400;\">Contamos con una red de profesionales altamente cualificados que nos permite adaptarnos r\u00e1pidamente a las necesidades de nuestros clientes, reclutando los recursos necesarios, ya sea para proyectos relacionados con la tierra o con la silvicultura o la agricultura. Tambi\u00e9n podemos ayudarle en el proceso de certificaci\u00f3n FSC y en la gesti\u00f3n de su cumplimiento con el EUDR.<\/span><\/p><p><span style=\"font-weight: 400;\">Por otro lado, somos especialistas en marketing y ventas internacionales, as\u00ed como en log\u00edstica internacional. Por lo tanto, sea cual sea su necesidad promocional, podemos ayudarle a planificar su evento o participaci\u00f3n, y tambi\u00e9n a llevarlo a cabo.\u00a0<\/span><\/p><p><span style=\"font-weight: 400;\">\u00a0<\/span><\/p>\t\t\t\t\t\t\t\t<\/div>\n\t\t\t\t<\/div>\n\t\t\t\t<\/div>\n\t\t<div class=\"elementor-element elementor-element-c42db05 e-con-full e-flex e-con e-child\" data-id=\"c42db05\" data-element_type=\"container\" data-e-type=\"container\">\n\t\t\t\t<div class=\"elementor-element elementor-element-fc525dd elementor-widget elementor-widget-image\" data-id=\"fc525dd\" data-element_type=\"widget\" data-e-type=\"widget\" data-widget_type=\"image.default\">\n\t\t\t\t\t\t\t\t\t\t\t\t\t\t\t<img fetchpriority=\"high\" decoding=\"async\" width=\"500\" height=\"500\" src=\"https:\/\/reforestpanama.com\/wp-content\/uploads\/2025\/05\/Untitled-Logo.png\" class=\"attachment-full size-full wp-image-1971\" alt=\"\" srcset=\"https:\/\/reforestpanama.com\/wp-content\/uploads\/2025\/05\/Untitled-Logo.png 500w, https:\/\/reforestpanama.com\/wp-content\/uploads\/2025\/05\/Untitled-Logo-300x300.png 300w, https:\/\/reforestpanama.com\/wp-content\/uploads\/2025\/05\/Untitled-Logo-150x150.png 150w, https:\/\/reforestpanama.com\/wp-content\/uploads\/2025\/05\/Untitled-Logo-12x12.png 12w\" sizes=\"(max-width: 500px) 100vw, 500px\" \/>\t\t\t\t\t\t\t\t\t\t\t\t\t\t\t<\/div>\n\t\t\t\t<\/div>\n\t\t\t\t<\/div>\n\t\t\t\t\t<\/div>\n\t\t\t\t<\/div>\n\t\t<div class=\"elementor-element elementor-element-985042d elementor-hidden-tablet elementor-hidden-mobile e-flex e-con-boxed e-con e-parent\" data-id=\"985042d\" data-element_type=\"container\" data-e-type=\"container\">\n\t\t\t\t\t<div class=\"e-con-inner\">\n\t\t\t\t\t<\/div>\n\t\t\t\t<\/div>\n\t\t\t\t<\/div>","protected":false},"excerpt":{"rendered":"<p>Reforest Panama has its roots deep in the Panama soil. Over the last 15 years we have been involved in diverse projects, including commercial reforestation, climate focused protection and restoration projects as well as fruit plantation establishment and management. We have also actively participated in association work and networked with the relevant government authorities, ministries [&hellip;]<\/p>\n","protected":false},"author":1,"featured_media":0,"parent":0,"menu_order":0,"comment_status":"closed","ping_status":"closed","template":"","meta":{"inline_featured_image":false,"footnotes":""},"class_list":["post-1068","page","type-page","status-publish","hentry"],"_links":{"self":[{"href":"https:\/\/reforestpanama.com\/es\/wp-json\/wp\/v2\/pages\/1068","targetHints":{"allow":["GET"]}}],"collection":[{"href":"https:\/\/reforestpanama.com\/es\/wp-json\/wp\/v2\/pages"}],"about":[{"href":"https:\/\/reforestpanama.com\/es\/wp-json\/wp\/v2\/types\/page"}],"author":[{"embeddable":true,"href":"https:\/\/reforestpanama.com\/es\/wp-json\/wp\/v2\/users\/1"}],"replies":[{"embeddable":true,"href":"https:\/\/reforestpanama.com\/es\/wp-json\/wp\/v2\/comments?post=1068"}],"version-history":[{"count":497,"href":"https:\/\/reforestpanama.com\/es\/wp-json\/wp\/v2\/pages\/1068\/revisions"}],"predecessor-version":[{"id":2219,"href":"https:\/\/reforestpanama.com\/es\/wp-json\/wp\/v2\/pages\/1068\/revisions\/2219"}],"wp:attachment":[{"href":"https:\/\/reforestpanama.com\/es\/wp-json\/wp\/v2\/media?parent=1068"}],"curies":[{"name":"gracias","href":"https:\/\/api.w.org\/{rel}","templated":true}]}}